{"id":2,"date":"2026-02-13T09:44:53","date_gmt":"2026-02-13T09:44:53","guid":{"rendered":"https:\/\/barelarco.rkinformatika.online\/?page_id=2"},"modified":"2026-02-19T10:28:03","modified_gmt":"2026-02-19T10:28:03","slug":"inicio","status":"publish","type":"page","link":"https:\/\/barelarco.com\/eu\/","title":{"rendered":"Hasiera"},"content":{"rendered":"<div data-elementor-type=\"wp-page\" data-elementor-id=\"2\" class=\"elementor elementor-2\" data-elementor-post-type=\"page\">\n\t\t\t\t<div class=\"elementor-element elementor-element-d522535 e-flex e-con-boxed e-con e-parent\" data-id=\"d522535\" data-element_type=\"container\" data-e-type=\"container\" data-settings=\"{&quot;background_background&quot;:&quot;classic&quot;}\">\n\t\t\t\t\t<div class=\"e-con-inner\">\n\t\t<div class=\"elementor-element elementor-element-bda5d2e e-con-full e-flex e-con e-child\" data-id=\"bda5d2e\" data-element_type=\"container\" data-e-type=\"container\">\n\t\t\t\t<div class=\"elementor-element elementor-element-c4612aa elementor-invisible elementor-widget elementor-widget-heading\" data-id=\"c4612aa\" data-element_type=\"widget\" data-e-type=\"widget\" data-settings=\"{&quot;_animation&quot;:&quot;fadeInDown&quot;}\" data-widget_type=\"heading.default\">\n\t\t\t\t\t<h2 class=\"elementor-heading-title elementor-size-default\">Gosaltzeko, txikitzeko edo afaltzeko!<\/h2>\t\t\t\t<\/div>\n\t\t\t\t<\/div>\n\t\t\t\t\t<\/div>\n\t\t\t\t<\/div>\n\t\t<div class=\"elementor-element elementor-element-6f8ecb0 e-flex e-con-boxed elementor-invisible e-con e-parent\" data-id=\"6f8ecb0\" data-element_type=\"container\" data-e-type=\"container\" data-settings=\"{&quot;background_background&quot;:&quot;classic&quot;,&quot;animation&quot;:&quot;fadeInLeft&quot;}\">\n\t\t\t\t\t<div class=\"e-con-inner\">\n\t\t<div class=\"elementor-element elementor-element-a237522 e-con-full e-flex e-con e-child\" data-id=\"a237522\" data-element_type=\"container\" data-e-type=\"container\">\n\t\t\t\t<div class=\"elementor-element elementor-element-77d81fd elementor-widget elementor-widget-heading\" data-id=\"77d81fd\" data-element_type=\"widget\" data-e-type=\"widget\" data-widget_type=\"heading.default\">\n\t\t\t\t\t<h2 class=\"elementor-heading-title elementor-size-default\">Guri Buruz<\/h2>\t\t\t\t<\/div>\n\t\t\t\t<div class=\"elementor-element elementor-element-f0913b7 elementor-widget elementor-widget-heading\" data-id=\"f0913b7\" data-element_type=\"widget\" data-e-type=\"widget\" data-widget_type=\"heading.default\">\n\t\t\t\t\t<h2 class=\"elementor-heading-title elementor-size-default\">Eguna alaitzen duten mokaduak!<\/h2>\t\t\t\t<\/div>\n\t\t\t\t<div class=\"elementor-element elementor-element-cb994c9 elementor-widget elementor-widget-text-editor\" data-id=\"cb994c9\" data-element_type=\"widget\" data-e-type=\"widget\" data-widget_type=\"text-editor.default\">\n\t\t\t\t\t\t\t\t\t<p>Duela 12 urte hasi ginen gure komunitateari poza, zerbitzu ona eta ogitarteko bikainak ematen.<\/p>\n<p>Ordutik, gogor eta pasioz lan egin dugu askotariko pintxoak, etxeko tortillak, opil gozoak eta txipiroi errazio ospetsua eskaintzeko, betiere gure bezeroen esperientzia gastronomikoa hobetu eta aberastu nahian.<\/p>\t\t\t\t\t\t\t\t<\/div>\n\t\t\t\t<\/div>\n\t\t<div class=\"elementor-element elementor-element-6b900aa e-con-full e-flex e-con e-child\" data-id=\"6b900aa\" data-element_type=\"container\" data-e-type=\"container\">\n\t\t\t\t<div class=\"elementor-element elementor-element-6911559 elementor-widget elementor-widget-image\" data-id=\"6911559\" data-element_type=\"widget\" data-e-type=\"widget\" data-widget_type=\"image.default\">\n\t\t\t\t\t\t\t\t\t\t\t\t\t\t\t<img fetchpriority=\"high\" decoding=\"async\" width=\"765\" height=\"1020\" src=\"https:\/\/barelarco.com\/wp-content\/uploads\/2026\/02\/unnamed-1.webp\" class=\"elementor-animation-shrink attachment-large size-large wp-image-79\" alt=\"\" srcset=\"https:\/\/barelarco.com\/wp-content\/uploads\/2026\/02\/unnamed-1.webp 765w, https:\/\/barelarco.com\/wp-content\/uploads\/2026\/02\/unnamed-1-225x300.webp 225w, https:\/\/barelarco.com\/wp-content\/uploads\/2026\/02\/unnamed-1-9x12.webp 9w\" sizes=\"(max-width: 765px) 100vw, 765px\" \/>\t\t\t\t\t\t\t\t\t\t\t\t\t\t\t<\/div>\n\t\t\t\t<\/div>\n\t\t\t\t\t<\/div>\n\t\t\t\t<\/div>\n\t\t<div class=\"elementor-element elementor-element-9a64496 e-flex e-con-boxed e-con e-parent\" data-id=\"9a64496\" data-element_type=\"container\" data-e-type=\"container\" data-settings=\"{&quot;background_background&quot;:&quot;classic&quot;}\">\n\t\t\t\t\t<div class=\"e-con-inner\">\n\t\t\t\t<div class=\"elementor-element elementor-element-bb5cc27 elementor-invisible elementor-widget elementor-widget-heading\" data-id=\"bb5cc27\" data-element_type=\"widget\" data-e-type=\"widget\" data-settings=\"{&quot;_animation&quot;:&quot;fadeInRight&quot;}\" data-widget_type=\"heading.default\">\n\t\t\t\t\t<h2 class=\"elementor-heading-title elementor-size-default\">Pintxoak, bokatak, bagelak eta hanburgesak: zailena ez da aukeratzea... bihar ez itzultzea da!<\/h2>\t\t\t\t<\/div>\n\t\t\t\t<div class=\"elementor-element elementor-element-789526b elementor-tablet-align-center elementor-invisible elementor-widget elementor-widget-button\" data-id=\"789526b\" data-element_type=\"widget\" data-e-type=\"widget\" data-settings=\"{&quot;_animation&quot;:&quot;fadeInLeft&quot;}\" data-widget_type=\"button.default\">\n\t\t\t\t\t\t\t\t\t\t<a class=\"elementor-button elementor-button-link elementor-size-sm elementor-animation-pop\" href=\"\/eu\/servicios\/\">\n\t\t\t\t\t\t<span class=\"elementor-button-content-wrapper\">\n\t\t\t\t\t\t\t\t\t<span class=\"elementor-button-text\">Zerbitzuak<\/span>\n\t\t\t\t\t<\/span>\n\t\t\t\t\t<\/a>\n\t\t\t\t\t\t\t\t<\/div>\n\t\t\t\t\t<\/div>\n\t\t\t\t<\/div>\n\t\t\t\t<\/div>","protected":false},"excerpt":{"rendered":"<p>\u00a1Para desayunar, picar o cenar! Sobre Nosotros \u00a1Bocados que alegran el d\u00eda! Empezamos hace 12 a\u00f1os a dar alegr\u00eda, buen servicio y unos excelentes bocadillos a nuestra comunidad. Desde entonces, hemos trabajado arduamente y con pasi\u00f3n para ofrecer pintxos variados, tortillas caseras, deliciosa boller\u00eda y la famosa raci\u00f3n de calamares, siempre buscando mejorar y enriquecer [&hellip;]<\/p>\n","protected":false},"author":1,"featured_media":0,"parent":0,"menu_order":0,"comment_status":"closed","ping_status":"closed","template":"elementor_canvas","meta":{"footnotes":""},"class_list":["post-2","page","type-page","status-publish","hentry"],"yoast_head":"<!-- This site is optimized with the Yoast SEO plugin v27.5 - https:\/\/yoast.com\/product\/yoast-seo-wordpress\/ -->\n<title>Inicio - Bar El Arco<\/title>\n<meta name=\"robots\" content=\"index, follow, max-snippet:-1, max-image-preview:large, max-video-preview:-1\" \/>\n<link rel=\"canonical\" href=\"https:\/\/barelarco.com\/eu\/\" \/>\n<meta property=\"og:locale\" content=\"en_US\" \/>\n<meta property=\"og:type\" content=\"article\" \/>\n<meta property=\"og:title\" content=\"Inicio - Bar El Arco\" \/>\n<meta property=\"og:description\" content=\"\u00a1Para desayunar, picar o cenar! Sobre Nosotros \u00a1Bocados que alegran el d\u00eda! Empezamos hace 12 a\u00f1os a dar alegr\u00eda, buen servicio y unos excelentes bocadillos a nuestra comunidad. Desde entonces, hemos trabajado arduamente y con pasi\u00f3n para ofrecer pintxos variados, tortillas caseras, deliciosa boller\u00eda y la famosa raci\u00f3n de calamares, siempre buscando mejorar y enriquecer [&hellip;]\" \/>\n<meta property=\"og:url\" content=\"https:\/\/barelarco.com\/eu\/\" \/>\n<meta property=\"og:site_name\" content=\"Bar El Arco\" \/>\n<meta property=\"article:modified_time\" content=\"2026-02-19T10:28:03+00:00\" \/>\n<meta property=\"og:image\" content=\"https:\/\/barelarco.com\/wp-content\/uploads\/2026\/02\/unnamed-1.webp\" \/>\n<meta name=\"twitter:card\" content=\"summary_large_image\" \/>\n<meta name=\"twitter:label1\" content=\"Est. reading time\" \/>\n\t<meta name=\"twitter:data1\" content=\"1 minutua\" \/>\n<script type=\"application\/ld+json\" class=\"yoast-schema-graph\">{\"@context\":\"https:\\\/\\\/schema.org\",\"@graph\":[{\"@type\":\"WebPage\",\"@id\":\"https:\\\/\\\/barelarco.com\\\/\",\"url\":\"https:\\\/\\\/barelarco.com\\\/\",\"name\":\"Inicio - Bar El Arco\",\"isPartOf\":{\"@id\":\"https:\\\/\\\/barelarco.com\\\/#website\"},\"primaryImageOfPage\":{\"@id\":\"https:\\\/\\\/barelarco.com\\\/#primaryimage\"},\"image\":{\"@id\":\"https:\\\/\\\/barelarco.com\\\/#primaryimage\"},\"thumbnailUrl\":\"https:\\\/\\\/barelarco.com\\\/wp-content\\\/uploads\\\/2026\\\/02\\\/unnamed-1.webp\",\"datePublished\":\"2026-02-13T09:44:53+00:00\",\"dateModified\":\"2026-02-19T10:28:03+00:00\",\"breadcrumb\":{\"@id\":\"https:\\\/\\\/barelarco.com\\\/#breadcrumb\"},\"inLanguage\":\"eu\",\"potentialAction\":[{\"@type\":\"ReadAction\",\"target\":[\"https:\\\/\\\/barelarco.com\\\/\"]}]},{\"@type\":\"ImageObject\",\"inLanguage\":\"eu\",\"@id\":\"https:\\\/\\\/barelarco.com\\\/#primaryimage\",\"url\":\"https:\\\/\\\/barelarco.com\\\/wp-content\\\/uploads\\\/2026\\\/02\\\/unnamed-1.webp\",\"contentUrl\":\"https:\\\/\\\/barelarco.com\\\/wp-content\\\/uploads\\\/2026\\\/02\\\/unnamed-1.webp\"},{\"@type\":\"BreadcrumbList\",\"@id\":\"https:\\\/\\\/barelarco.com\\\/#breadcrumb\",\"itemListElement\":[{\"@type\":\"ListItem\",\"position\":1,\"name\":\"Portada\",\"item\":\"https:\\\/\\\/barelarco.com\\\/\"},{\"@type\":\"ListItem\",\"position\":2,\"name\":\"Inicio\"}]},{\"@type\":\"WebSite\",\"@id\":\"https:\\\/\\\/barelarco.com\\\/#website\",\"url\":\"https:\\\/\\\/barelarco.com\\\/\",\"name\":\"Bar El Arco\",\"description\":\"Bar El Arco\",\"publisher\":{\"@id\":\"https:\\\/\\\/barelarco.com\\\/#organization\"},\"potentialAction\":[{\"@type\":\"SearchAction\",\"target\":{\"@type\":\"EntryPoint\",\"urlTemplate\":\"https:\\\/\\\/barelarco.com\\\/?s={search_term_string}\"},\"query-input\":{\"@type\":\"PropertyValueSpecification\",\"valueRequired\":true,\"valueName\":\"search_term_string\"}}],\"inLanguage\":\"eu\"},{\"@type\":\"Organization\",\"@id\":\"https:\\\/\\\/barelarco.com\\\/#organization\",\"name\":\"Bar El Arco\",\"url\":\"https:\\\/\\\/barelarco.com\\\/\",\"logo\":{\"@type\":\"ImageObject\",\"inLanguage\":\"eu\",\"@id\":\"https:\\\/\\\/barelarco.com\\\/#\\\/schema\\\/logo\\\/image\\\/\",\"url\":\"https:\\\/\\\/barelarco.com\\\/wp-content\\\/uploads\\\/2026\\\/02\\\/logo_web-removebg-preview.png\",\"contentUrl\":\"https:\\\/\\\/barelarco.com\\\/wp-content\\\/uploads\\\/2026\\\/02\\\/logo_web-removebg-preview.png\",\"width\":280,\"height\":252,\"caption\":\"Bar El Arco\"},\"image\":{\"@id\":\"https:\\\/\\\/barelarco.com\\\/#\\\/schema\\\/logo\\\/image\\\/\"}}]}<\/script>\n<!-- \/ Yoast SEO plugin. -->","yoast_head_json":{"title":"Inicio - Bar El Arco","robots":{"index":"index","follow":"follow","max-snippet":"max-snippet:-1","max-image-preview":"max-image-preview:large","max-video-preview":"max-video-preview:-1"},"canonical":"https:\/\/barelarco.com\/eu\/","og_locale":"en_US","og_type":"article","og_title":"Inicio - Bar El Arco","og_description":"\u00a1Para desayunar, picar o cenar! Sobre Nosotros \u00a1Bocados que alegran el d\u00eda! Empezamos hace 12 a\u00f1os a dar alegr\u00eda, buen servicio y unos excelentes bocadillos a nuestra comunidad. Desde entonces, hemos trabajado arduamente y con pasi\u00f3n para ofrecer pintxos variados, tortillas caseras, deliciosa boller\u00eda y la famosa raci\u00f3n de calamares, siempre buscando mejorar y enriquecer [&hellip;]","og_url":"https:\/\/barelarco.com\/eu\/","og_site_name":"Bar El Arco","article_modified_time":"2026-02-19T10:28:03+00:00","og_image":[{"url":"https:\/\/barelarco.com\/wp-content\/uploads\/2026\/02\/unnamed-1.webp","type":"","width":"","height":""}],"twitter_card":"summary_large_image","twitter_misc":{"Est. reading time":"1 minutua"},"schema":{"@context":"https:\/\/schema.org","@graph":[{"@type":"WebPage","@id":"https:\/\/barelarco.com\/","url":"https:\/\/barelarco.com\/","name":"Inicio - Bar El Arco","isPartOf":{"@id":"https:\/\/barelarco.com\/#website"},"primaryImageOfPage":{"@id":"https:\/\/barelarco.com\/#primaryimage"},"image":{"@id":"https:\/\/barelarco.com\/#primaryimage"},"thumbnailUrl":"https:\/\/barelarco.com\/wp-content\/uploads\/2026\/02\/unnamed-1.webp","datePublished":"2026-02-13T09:44:53+00:00","dateModified":"2026-02-19T10:28:03+00:00","breadcrumb":{"@id":"https:\/\/barelarco.com\/#breadcrumb"},"inLanguage":"eu","potentialAction":[{"@type":"ReadAction","target":["https:\/\/barelarco.com\/"]}]},{"@type":"ImageObject","inLanguage":"eu","@id":"https:\/\/barelarco.com\/#primaryimage","url":"https:\/\/barelarco.com\/wp-content\/uploads\/2026\/02\/unnamed-1.webp","contentUrl":"https:\/\/barelarco.com\/wp-content\/uploads\/2026\/02\/unnamed-1.webp"},{"@type":"BreadcrumbList","@id":"https:\/\/barelarco.com\/#breadcrumb","itemListElement":[{"@type":"ListItem","position":1,"name":"Portada","item":"https:\/\/barelarco.com\/"},{"@type":"ListItem","position":2,"name":"Inicio"}]},{"@type":"WebSite","@id":"https:\/\/barelarco.com\/#website","url":"https:\/\/barelarco.com\/","name":"Bar El Arco","description":"Bar El Arco","publisher":{"@id":"https:\/\/barelarco.com\/#organization"},"potentialAction":[{"@type":"SearchAction","target":{"@type":"EntryPoint","urlTemplate":"https:\/\/barelarco.com\/?s={search_term_string}"},"query-input":{"@type":"PropertyValueSpecification","valueRequired":true,"valueName":"search_term_string"}}],"inLanguage":"eu"},{"@type":"Organization","@id":"https:\/\/barelarco.com\/#organization","name":"Bar El Arco","url":"https:\/\/barelarco.com\/","logo":{"@type":"ImageObject","inLanguage":"eu","@id":"https:\/\/barelarco.com\/#\/schema\/logo\/image\/","url":"https:\/\/barelarco.com\/wp-content\/uploads\/2026\/02\/logo_web-removebg-preview.png","contentUrl":"https:\/\/barelarco.com\/wp-content\/uploads\/2026\/02\/logo_web-removebg-preview.png","width":280,"height":252,"caption":"Bar El Arco"},"image":{"@id":"https:\/\/barelarco.com\/#\/schema\/logo\/image\/"}}]}},"_links":{"self":[{"href":"https:\/\/barelarco.com\/eu\/wp-json\/wp\/v2\/pages\/2","targetHints":{"allow":["GET"]}}],"collection":[{"href":"https:\/\/barelarco.com\/eu\/wp-json\/wp\/v2\/pages"}],"about":[{"href":"https:\/\/barelarco.com\/eu\/wp-json\/wp\/v2\/types\/page"}],"author":[{"embeddable":true,"href":"https:\/\/barelarco.com\/eu\/wp-json\/wp\/v2\/users\/1"}],"replies":[{"embeddable":true,"href":"https:\/\/barelarco.com\/eu\/wp-json\/wp\/v2\/comments?post=2"}],"version-history":[{"count":121,"href":"https:\/\/barelarco.com\/eu\/wp-json\/wp\/v2\/pages\/2\/revisions"}],"predecessor-version":[{"id":436,"href":"https:\/\/barelarco.com\/eu\/wp-json\/wp\/v2\/pages\/2\/revisions\/436"}],"wp:attachment":[{"href":"https:\/\/barelarco.com\/eu\/wp-json\/wp\/v2\/media?parent=2"}],"curies":[{"name":"wp","href":"https:\/\/api.w.org\/{rel}","templated":true}]}}